{"id":492,"date":"2024-02-06T23:13:17","date_gmt":"2024-02-06T22:13:17","guid":{"rendered":"https:\/\/good-market.ing\/contact-us\/"},"modified":"2024-09-19T14:20:05","modified_gmt":"2024-09-19T12:20:05","slug":"contact-us","status":"publish","type":"page","link":"https:\/\/good-market.ing\/en\/contact-us\/","title":{"rendered":"Contact us"},"content":{"rendered":"<p>[et_pb_section fb_built=&#8221;1&#8243; _builder_version=&#8221;4.24.0&#8243; _module_preset=&#8221;default&#8221; min_height=&#8221;80vh&#8221; animation_style=&#8221;slide&#8221; animation_direction=&#8221;bottom&#8221; animation_duration=&#8221;800ms&#8221; animation_intensity_slide=&#8221;10%&#8221; global_colors_info=&#8221;{}&#8221;][et_pb_row column_structure=&#8221;1_5,3_5,1_5&#8243; _builder_version=&#8221;4.24.0&#8243; _module_preset=&#8221;default&#8221; background_enable_color=&#8221;off&#8221; global_colors_info=&#8221;{}&#8221;][et_pb_column type=&#8221;1_5&#8243; _builder_version=&#8221;4.24.0&#8243; _module_preset=&#8221;default&#8221; global_colors_info=&#8221;{}&#8221;][\/et_pb_column][et_pb_column type=&#8221;3_5&#8243; _builder_version=&#8221;4.24.0&#8243; _module_preset=&#8221;default&#8221; global_colors_info=&#8221;{}&#8221;][et_pb_text _builder_version=&#8221;4.24.0&#8243; _module_preset=&#8221;default&#8221; global_colors_info=&#8221;{}&#8221;]<\/p>\n<h1>Contact us<span style=\"color: #00afff;\"><\/span><\/h1>\n<p>[\/et_pb_text][et_pb_text _builder_version=&#8221;4.24.0&#8243; _module_preset=&#8221;default&#8221; global_colors_info=&#8221;{}&#8221;]<\/p>\n<p>good-market.ing<br \/>Ingenieurb\u00fcro f\u00fcr Marken<br \/>Breite Stra\u00dfe 3<br \/>40822 Mettmann<\/p>\n<p>[\/et_pb_text][et_pb_button button_url=&#8221;tel:+491776880880&#8243; button_text=&#8221;Call +49 177 6880880&#8243; _builder_version=&#8221;4.24.0&#8243; _module_preset=&#8221;default&#8221; button_bg_color=&#8221;RGBA(255,255,255,0)&#8221; button_on_hover=&#8221;off&#8221; custom_margin=&#8221;||0px||false|false&#8221; custom_padding=&#8221;|||0px|false|false&#8221; global_colors_info=&#8221;{}&#8221; transform_styles__hover_enabled=&#8221;on|hover&#8221; transform_scale__hover_enabled=&#8221;on|hover&#8221;][\/et_pb_button][et_pb_button button_url=&#8221;mailto:info@good-market.ing&#8221; button_text=&#8221;info@good-market.ing&#8221; _builder_version=&#8221;4.24.0&#8243; _module_preset=&#8221;default&#8221; button_bg_color=&#8221;RGBA(255,255,255,0)&#8221; button_on_hover=&#8221;off&#8221; custom_padding=&#8221;|||0px|false|false&#8221; hover_enabled=&#8221;0&#8243; global_colors_info=&#8221;{}&#8221; transform_styles__hover_enabled=&#8221;on|hover&#8221; transform_scale__hover_enabled=&#8221;on|hover&#8221; sticky_enabled=&#8221;0&#8243;][\/et_pb_button][\/et_pb_column][et_pb_column type=&#8221;1_5&#8243; _builder_version=&#8221;4.24.0&#8243; _module_preset=&#8221;default&#8221; global_colors_info=&#8221;{}&#8221;][\/et_pb_column][\/et_pb_row][\/et_pb_section][et_pb_section fb_built=&#8221;1&#8243; _builder_version=&#8221;4.24.0&#8243; _module_preset=&#8221;default&#8221; background_color=&#8221;#00afff&#8221; background_enable_image=&#8221;off&#8221; background_blend=&#8221;soft-light&#8221; animation_style=&#8221;fade&#8221; custom_css_main_element=&#8221;display:flex;&#8221; global_module=&#8221;154&#8243; saved_tabs=&#8221;all&#8221; global_colors_info=&#8221;{%22gcid-f78406cb-f7c1-426b-a8f2-b7c3aabf46ad%22:%91%22background_color%22%93}&#8221;][et_pb_row column_structure=&#8221;1_5,3_5,1_5&#8243; _builder_version=&#8221;4.24.0&#8243; _module_preset=&#8221;default&#8221; global_colors_info=&#8221;{}&#8221;][et_pb_column type=&#8221;1_5&#8243; _builder_version=&#8221;4.24.0&#8243; _module_preset=&#8221;default&#8221; global_colors_info=&#8221;{}&#8221;][\/et_pb_column][et_pb_column type=&#8221;3_5&#8243; _builder_version=&#8221;4.24.0&#8243; _module_preset=&#8221;default&#8221; global_colors_info=&#8221;{}&#8221;][et_pb_text _builder_version=&#8221;4.24.0&#8243; _module_preset=&#8221;default&#8221; header_text_color=&#8221;#FFFFFF&#8221; global_colors_info=&#8221;{}&#8221;]<\/p>\n<h1>I Need an Engineer&#8217;s Plan<\/h1>\n<p>[\/et_pb_text][et_pb_text _builder_version=&#8221;4.24.0&#8243; _module_preset=&#8221;default&#8221; text_text_color=&#8221;#FFFFFF&#8221; global_colors_info=&#8221;{}&#8221;]<\/p>\n<p class=\"p1\">If you too would like to position a brand, define target groups, design a marketing strategy or develop a business model, talk to us.<\/p>\n<p>[\/et_pb_text][et_pb_button button_url=&#8221;tel:+491776880880&#8243; button_text=&#8221;Call +49 177 6880880&#8243; _builder_version=&#8221;4.24.0&#8243; _module_preset=&#8221;default&#8221; button_text_color=&#8221;#FFFFFF&#8221; button_bg_color=&#8221;RGBA(255,255,255,0)&#8221; button_font=&#8221;||||||||&#8221; button_on_hover=&#8221;off&#8221; background_layout=&#8221;dark&#8221; custom_margin=&#8221;||0px||false|false&#8221; custom_padding=&#8221;|||0px|false|false&#8221; custom_css_main_element=&#8221;display:inline-block;&#8221; global_colors_info=&#8221;{}&#8221; custom_padding__hover_enabled=&#8221;off|hover&#8221; custom_padding__hover=&#8221;10px|20px|10px|0px|true|false&#8221;][\/et_pb_button][et_pb_button button_text=&#8221;los-gehts@good-market.ing&#8221; _builder_version=&#8221;4.24.0&#8243; _module_preset=&#8221;default&#8221; button_text_color=&#8221;#FFFFFF&#8221; button_bg_color=&#8221;RGBA(255,255,255,0)&#8221; button_font=&#8221;||||||||&#8221; button_on_hover=&#8221;off&#8221; background_layout=&#8221;dark&#8221; custom_margin=&#8221;|||-1px|false|false&#8221; custom_padding=&#8221;|10px||0px|false|false&#8221; custom_css_main_element=&#8221;display:inline-block;&#8221; global_colors_info=&#8221;{}&#8221; custom_padding__hover_enabled=&#8221;off|hover&#8221; custom_padding__hover=&#8221;10px|20px|10px|0px|true|false&#8221;][\/et_pb_button][\/et_pb_column][et_pb_column type=&#8221;1_5&#8243; _builder_version=&#8221;4.24.0&#8243; _module_preset=&#8221;default&#8221; global_colors_info=&#8221;{}&#8221;][\/et_pb_column][\/et_pb_row][\/et_pb_section][et_pb_section fb_built=&#8221;1&#8243; _builder_version=&#8221;4.24.0&#8243; _module_preset=&#8221;default&#8221; custom_margin=&#8221;||-7px||false|false&#8221; custom_padding=&#8221;0px||0px||true|false&#8221; global_colors_info=&#8221;{}&#8221;][et_pb_row _builder_version=&#8221;4.24.0&#8243; _module_preset=&#8221;default&#8221; width=&#8221;100%&#8221; custom_padding=&#8221;0px||0px||true|false&#8221; global_colors_info=&#8221;{}&#8221;][et_pb_column type=&#8221;4_4&#8243; _builder_version=&#8221;4.24.0&#8243; _module_preset=&#8221;default&#8221; global_colors_info=&#8221;{}&#8221;][et_pb_code _builder_version=&#8221;4.24.0&#8243; _module_preset=&#8221;default&#8221; filter_saturate=&#8221;0%&#8221; global_colors_info=&#8221;{}&#8221; filter_saturate__hover_enabled=&#8221;on|hover&#8221; filter_saturate__hover=&#8221;100%&#8221;] <\/p>\n<div class=\"brlbs-cmpnt-container brlbs-cmpnt-content-blocker brlbs-cmpnt-with-individual-styles\" data-borlabs-cookie-content-blocker-id=\"default\" data-borlabs-cookie-content=\"PGlmcmFtZSBzcmM9Imh0dHBzOi8vd3d3Lmdvb2dsZS5jb20vbWFwcy9lbWJlZD9wYj0hMW0xOCExbTEyITFtMyExZDI0OTcuMzI1MjE3NDI0Njg3NyEyZDYuOTc1ODc1ODc2NTUwODg5ITNkNTEuMjQ5OTIxMTcxNzU1ODUhMm0zITFmMCEyZjAhM2YwITNtMiExaTEwMjQhMmk3NjghNGYxMy4xITNtMyExbTIhMXMweDQ3YjhkMWRiODMwYmEzOTclM0EweDRmZDY1NGRkYjllOTU0NGIhMnNCcmVpdGUlMjBTdHIuJTIwMyUyQyUyMDQwODIyJTIwTWV0dG1hbm4hNWUwITNtMiExc2RlITJzZGUhNHYxNzA3MjU3NzM0MDI2ITVtMiExc2RlITJzZGUiIHdpZHRoPSIxMDAlIiBoZWlnaHQ9IjUwMHB4IiBzdHlsZT0iYm9yZGVyOjA7IiBhbGxvd2Z1bGxzY3JlZW49IiIgbG9hZGluZz0ibGF6eSIgcmVmZXJyZXJwb2xpY3k9Im5vLXJlZmVycmVyLXdoZW4tZG93bmdyYWRlIj48L2lmcmFtZT4=\">\n<div class=\"brlbs-cmpnt-cb-preset-a\">\n<p class=\"brlbs-cmpnt-cb-description\">Sie sehen gerade einen Platzhalterinhalt von <strong>Standard<\/strong>. Um auf den eigentlichen Inhalt zuzugreifen, klicken Sie auf den Button unten. Bitte beachten Sie, dass dabei Daten an Drittanbieter weitergegeben werden.<\/p>\n<div class=\"brlbs-cmpnt-cb-buttons\"> <a class=\"brlbs-cmpnt-cb-btn\" href=\"#\" data-borlabs-cookie-unblock role=\"button\">Inhalt entsperren<\/a> <a class=\"brlbs-cmpnt-cb-btn\" href=\"#\" data-borlabs-cookie-accept-service role=\"button\" style=\"display: none\">Erforderlichen Service akzeptieren und Inhalte entsperren<\/a> <\/div>\n<p> <a class=\"brlbs-cmpnt-cb-provider-toggle\" href=\"#\" data-borlabs-cookie-show-provider-information role=\"button\">Weitere Informationen<\/a> <\/div>\n<\/div>\n<p>[\/et_pb_code][\/et_pb_column][\/et_pb_row][\/et_pb_section]<\/p>\n","protected":false},"excerpt":{"rendered":"<p>Contact usgood-market.ingIngenieurb\u00fcro f\u00fcr MarkenBreite Stra\u00dfe 340822 MettmannI Need an Engineer&#8217;s PlanIf you too would like to position a brand, define target groups, design a marketing strategy or develop a business model, talk to us.<\/p>\n","protected":false},"author":1,"featured_media":0,"parent":0,"menu_order":0,"comment_status":"closed","ping_status":"closed","template":"","meta":{"_et_pb_use_builder":"on","_et_pb_old_content":"","_et_gb_content_width":"","inline_featured_image":false,"footnotes":""},"class_list":["post-492","page","type-page","status-publish","hentry"],"yoast_head":"<!-- This site is optimized with the Yoast SEO plugin v27.5 - https:\/\/yoast.com\/product\/yoast-seo-wordpress\/ -->\n<title>Contact us - good-market.ing<\/title>\n<meta name=\"robots\" content=\"index, follow, max-snippet:-1, max-image-preview:large, max-video-preview:-1\" \/>\n<link rel=\"canonical\" href=\"https:\/\/good-market.ing\/en\/contact-us\/\" \/>\n<meta property=\"og:locale\" content=\"en_US\" \/>\n<meta property=\"og:type\" content=\"article\" \/>\n<meta property=\"og:title\" content=\"Contact us - good-market.ing\" \/>\n<meta property=\"og:description\" content=\"Contact usgood-market.ingIngenieurb\u00fcro f\u00fcr MarkenBreite Stra\u00dfe 340822 MettmannI Need an Engineer&#039;s PlanIf you too would like to position a brand, define target groups, design a marketing strategy or develop a business model, talk to us.\" \/>\n<meta property=\"og:url\" content=\"https:\/\/good-market.ing\/en\/contact-us\/\" \/>\n<meta property=\"og:site_name\" content=\"good-market.ing\" \/>\n<meta property=\"article:modified_time\" content=\"2024-09-19T12:20:05+00:00\" \/>\n<meta name=\"twitter:card\" content=\"summary_large_image\" \/>\n<meta name=\"twitter:label1\" content=\"Est. reading time\" \/>\n\t<meta name=\"twitter:data1\" content=\"3 minutes\" \/>\n<script type=\"application\/ld+json\" class=\"yoast-schema-graph\">{\"@context\":\"https:\\\/\\\/schema.org\",\"@graph\":[{\"@type\":\"WebPage\",\"@id\":\"https:\\\/\\\/good-market.ing\\\/en\\\/contact-us\\\/\",\"url\":\"https:\\\/\\\/good-market.ing\\\/en\\\/contact-us\\\/\",\"name\":\"Contact us - good-market.ing\",\"isPartOf\":{\"@id\":\"https:\\\/\\\/good-market.ing\\\/en\\\/#website\"},\"datePublished\":\"2024-02-06T22:13:17+00:00\",\"dateModified\":\"2024-09-19T12:20:05+00:00\",\"breadcrumb\":{\"@id\":\"https:\\\/\\\/good-market.ing\\\/en\\\/contact-us\\\/#breadcrumb\"},\"inLanguage\":\"en-US\",\"potentialAction\":[{\"@type\":\"ReadAction\",\"target\":[\"https:\\\/\\\/good-market.ing\\\/en\\\/contact-us\\\/\"]}]},{\"@type\":\"BreadcrumbList\",\"@id\":\"https:\\\/\\\/good-market.ing\\\/en\\\/contact-us\\\/#breadcrumb\",\"itemListElement\":[{\"@type\":\"ListItem\",\"position\":1,\"name\":\"Startseite\",\"item\":\"https:\\\/\\\/good-market.ing\\\/en\\\/home-page\\\/\"},{\"@type\":\"ListItem\",\"position\":2,\"name\":\"Contact us\"}]},{\"@type\":\"WebSite\",\"@id\":\"https:\\\/\\\/good-market.ing\\\/en\\\/#website\",\"url\":\"https:\\\/\\\/good-market.ing\\\/en\\\/\",\"name\":\"good-market.ing\",\"description\":\"Ingenieurb\u00fcro f\u00fcr Marken\",\"publisher\":{\"@id\":\"https:\\\/\\\/good-market.ing\\\/en\\\/#organization\"},\"potentialAction\":[{\"@type\":\"SearchAction\",\"target\":{\"@type\":\"EntryPoint\",\"urlTemplate\":\"https:\\\/\\\/good-market.ing\\\/en\\\/?s={search_term_string}\"},\"query-input\":{\"@type\":\"PropertyValueSpecification\",\"valueRequired\":true,\"valueName\":\"search_term_string\"}}],\"inLanguage\":\"en-US\"},{\"@type\":\"Organization\",\"@id\":\"https:\\\/\\\/good-market.ing\\\/en\\\/#organization\",\"name\":\"good-market.ing\",\"url\":\"https:\\\/\\\/good-market.ing\\\/en\\\/\",\"logo\":{\"@type\":\"ImageObject\",\"inLanguage\":\"en-US\",\"@id\":\"https:\\\/\\\/good-market.ing\\\/en\\\/#\\\/schema\\\/logo\\\/image\\\/\",\"url\":\"https:\\\/\\\/good-market.ing\\\/wp-content\\\/uploads\\\/2024\\\/02\\\/tw-gm-logo.svg\",\"contentUrl\":\"https:\\\/\\\/good-market.ing\\\/wp-content\\\/uploads\\\/2024\\\/02\\\/tw-gm-logo.svg\",\"width\":\"1024\",\"height\":\"1024\",\"caption\":\"good-market.ing\"},\"image\":{\"@id\":\"https:\\\/\\\/good-market.ing\\\/en\\\/#\\\/schema\\\/logo\\\/image\\\/\"}}]}<\/script>\n<!-- \/ Yoast SEO plugin. -->","yoast_head_json":{"title":"Contact us - good-market.ing","robots":{"index":"index","follow":"follow","max-snippet":"max-snippet:-1","max-image-preview":"max-image-preview:large","max-video-preview":"max-video-preview:-1"},"canonical":"https:\/\/good-market.ing\/en\/contact-us\/","og_locale":"en_US","og_type":"article","og_title":"Contact us - good-market.ing","og_description":"Contact usgood-market.ingIngenieurb\u00fcro f\u00fcr MarkenBreite Stra\u00dfe 340822 MettmannI Need an Engineer's PlanIf you too would like to position a brand, define target groups, design a marketing strategy or develop a business model, talk to us.","og_url":"https:\/\/good-market.ing\/en\/contact-us\/","og_site_name":"good-market.ing","article_modified_time":"2024-09-19T12:20:05+00:00","twitter_card":"summary_large_image","twitter_misc":{"Est. reading time":"3 minutes"},"schema":{"@context":"https:\/\/schema.org","@graph":[{"@type":"WebPage","@id":"https:\/\/good-market.ing\/en\/contact-us\/","url":"https:\/\/good-market.ing\/en\/contact-us\/","name":"Contact us - good-market.ing","isPartOf":{"@id":"https:\/\/good-market.ing\/en\/#website"},"datePublished":"2024-02-06T22:13:17+00:00","dateModified":"2024-09-19T12:20:05+00:00","breadcrumb":{"@id":"https:\/\/good-market.ing\/en\/contact-us\/#breadcrumb"},"inLanguage":"en-US","potentialAction":[{"@type":"ReadAction","target":["https:\/\/good-market.ing\/en\/contact-us\/"]}]},{"@type":"BreadcrumbList","@id":"https:\/\/good-market.ing\/en\/contact-us\/#breadcrumb","itemListElement":[{"@type":"ListItem","position":1,"name":"Startseite","item":"https:\/\/good-market.ing\/en\/home-page\/"},{"@type":"ListItem","position":2,"name":"Contact us"}]},{"@type":"WebSite","@id":"https:\/\/good-market.ing\/en\/#website","url":"https:\/\/good-market.ing\/en\/","name":"good-market.ing","description":"Ingenieurb\u00fcro f\u00fcr Marken","publisher":{"@id":"https:\/\/good-market.ing\/en\/#organization"},"potentialAction":[{"@type":"SearchAction","target":{"@type":"EntryPoint","urlTemplate":"https:\/\/good-market.ing\/en\/?s={search_term_string}"},"query-input":{"@type":"PropertyValueSpecification","valueRequired":true,"valueName":"search_term_string"}}],"inLanguage":"en-US"},{"@type":"Organization","@id":"https:\/\/good-market.ing\/en\/#organization","name":"good-market.ing","url":"https:\/\/good-market.ing\/en\/","logo":{"@type":"ImageObject","inLanguage":"en-US","@id":"https:\/\/good-market.ing\/en\/#\/schema\/logo\/image\/","url":"https:\/\/good-market.ing\/wp-content\/uploads\/2024\/02\/tw-gm-logo.svg","contentUrl":"https:\/\/good-market.ing\/wp-content\/uploads\/2024\/02\/tw-gm-logo.svg","width":"1024","height":"1024","caption":"good-market.ing"},"image":{"@id":"https:\/\/good-market.ing\/en\/#\/schema\/logo\/image\/"}}]}},"_links":{"self":[{"href":"https:\/\/good-market.ing\/en\/wp-json\/wp\/v2\/pages\/492","targetHints":{"allow":["GET"]}}],"collection":[{"href":"https:\/\/good-market.ing\/en\/wp-json\/wp\/v2\/pages"}],"about":[{"href":"https:\/\/good-market.ing\/en\/wp-json\/wp\/v2\/types\/page"}],"author":[{"embeddable":true,"href":"https:\/\/good-market.ing\/en\/wp-json\/wp\/v2\/users\/1"}],"replies":[{"embeddable":true,"href":"https:\/\/good-market.ing\/en\/wp-json\/wp\/v2\/comments?post=492"}],"version-history":[{"count":7,"href":"https:\/\/good-market.ing\/en\/wp-json\/wp\/v2\/pages\/492\/revisions"}],"predecessor-version":[{"id":2217,"href":"https:\/\/good-market.ing\/en\/wp-json\/wp\/v2\/pages\/492\/revisions\/2217"}],"wp:attachment":[{"href":"https:\/\/good-market.ing\/en\/wp-json\/wp\/v2\/media?parent=492"}],"curies":[{"name":"wp","href":"https:\/\/api.w.org\/{rel}","templated":true}]}}